{"id":84,"date":"2010-12-26T18:34:20","date_gmt":"2010-12-26T18:34:20","guid":{"rendered":"https:\/\/www.ladictee.fr\/BLOG\/?page_id=2"},"modified":"2010-12-26T18:34:20","modified_gmt":"2010-12-26T18:34:20","slug":"a-propos-2","status":"publish","type":"page","link":"https:\/\/www.ladictee.fr\/BLOG\/a-propos-2\/","title":{"rendered":"\u00c0 propos"},"content":{"rendered":"<p>Ladict\u00e9e.fr est un acteur de l\u2019\u00e9ducation dite \u00ab\u00a0elearning\u00a0\u00bb (\u00ab\u00a0apprentissage via internet\u00a0\u00bb). Nous vous proposons de relayer via ce blog, les sites les plus int\u00e9ressants.<\/p>\n<p>Nous vous proposons \u00e9galement un lien avec l&#8217;actualit\u00e9 sur l&#8217;\u00e9ducation et la p\u00e9dagogie dans les classes et sur le web.<\/p>\n","protected":false},"excerpt":{"rendered":"<p>Ladict\u00e9e.fr est un acteur de l\u2019\u00e9ducation dite \u00ab\u00a0elearning\u00a0\u00bb (\u00ab\u00a0apprentissage via internet\u00a0\u00bb). Nous vous proposons de relayer via ce blog, les sites les plus [&hellip;]<\/p>\n","protected":false},"author":1998,"featured_media":0,"parent":0,"menu_order":0,"comment_status":"open","ping_status":"open","template":"","meta":[],"yoast_head":"<!-- This site is optimized with the Yoast SEO plugin v21.8.1 - https:\/\/yoast.com\/wordpress\/plugins\/seo\/ -->\n<title>\u00c0 propos - Dict\u00e9es audios fran\u00e7aises - French dictations - FLE<\/title>\n<meta name=\"robots\" content=\"index, follow, max-snippet:-1, max-image-preview:large, max-video-preview:-1\" \/>\n<link rel=\"canonical\" href=\"https:\/\/www.ladictee.fr\/BLOG\/a-propos-2\/\" \/>\n<meta property=\"og:locale\" content=\"fr_FR\" \/>\n<meta property=\"og:type\" content=\"article\" \/>\n<meta property=\"og:title\" content=\"\u00c0 propos - Dict\u00e9es audios fran\u00e7aises - French dictations - FLE\" \/>\n<meta property=\"og:description\" content=\"Ladict\u00e9e.fr est un acteur de l\u2019\u00e9ducation dite \u00ab\u00a0elearning\u00a0\u00bb (\u00ab\u00a0apprentissage via internet\u00a0\u00bb). Nous vous proposons de relayer via ce blog, les sites les plus [&hellip;]\" \/>\n<meta property=\"og:url\" content=\"https:\/\/www.ladictee.fr\/BLOG\/a-propos-2\/\" \/>\n<meta property=\"og:site_name\" content=\"Dict\u00e9es audios fran\u00e7aises - French dictations - FLE\" \/>\n<meta name=\"twitter:card\" content=\"summary_large_image\" \/>\n<script type=\"application\/ld+json\" class=\"yoast-schema-graph\">{\"@context\":\"https:\/\/schema.org\",\"@graph\":[{\"@type\":\"WebPage\",\"@id\":\"https:\/\/www.ladictee.fr\/BLOG\/a-propos-2\/\",\"url\":\"https:\/\/www.ladictee.fr\/BLOG\/a-propos-2\/\",\"name\":\"\u00c0 propos - Dict\u00e9es audios fran\u00e7aises - French dictations - FLE\",\"isPartOf\":{\"@id\":\"https:\/\/www.ladictee.fr\/BLOG\/#website\"},\"datePublished\":\"2010-12-26T18:34:20+00:00\",\"dateModified\":\"2010-12-26T18:34:20+00:00\",\"breadcrumb\":{\"@id\":\"https:\/\/www.ladictee.fr\/BLOG\/a-propos-2\/#breadcrumb\"},\"inLanguage\":\"fr-FR\",\"potentialAction\":[{\"@type\":\"ReadAction\",\"target\":[\"https:\/\/www.ladictee.fr\/BLOG\/a-propos-2\/\"]}]},{\"@type\":\"BreadcrumbList\",\"@id\":\"https:\/\/www.ladictee.fr\/BLOG\/a-propos-2\/#breadcrumb\",\"itemListElement\":[{\"@type\":\"ListItem\",\"position\":1,\"name\":\"Accueil\",\"item\":\"https:\/\/www.ladictee.fr\/BLOG\/\"},{\"@type\":\"ListItem\",\"position\":2,\"name\":\"\u00c0 propos\"}]},{\"@type\":\"WebSite\",\"@id\":\"https:\/\/www.ladictee.fr\/BLOG\/#website\",\"url\":\"https:\/\/www.ladictee.fr\/BLOG\/\",\"name\":\"Dict\u00e9es audios fran\u00e7aises - French dictations - FLE\",\"description\":\"La veille \u00e9ducative du e-learning\",\"potentialAction\":[{\"@type\":\"SearchAction\",\"target\":{\"@type\":\"EntryPoint\",\"urlTemplate\":\"https:\/\/www.ladictee.fr\/BLOG\/?s={search_term_string}\"},\"query-input\":\"required name=search_term_string\"}],\"inLanguage\":\"fr-FR\"}]}<\/script>\n<!-- \/ Yoast SEO plugin. -->","yoast_head_json":{"title":"\u00c0 propos - Dict\u00e9es audios fran\u00e7aises - French dictations - FLE","robots":{"index":"index","follow":"follow","max-snippet":"max-snippet:-1","max-image-preview":"max-image-preview:large","max-video-preview":"max-video-preview:-1"},"canonical":"https:\/\/www.ladictee.fr\/BLOG\/a-propos-2\/","og_locale":"fr_FR","og_type":"article","og_title":"\u00c0 propos - Dict\u00e9es audios fran\u00e7aises - French dictations - FLE","og_description":"Ladict\u00e9e.fr est un acteur de l\u2019\u00e9ducation dite \u00ab\u00a0elearning\u00a0\u00bb (\u00ab\u00a0apprentissage via internet\u00a0\u00bb). Nous vous proposons de relayer via ce blog, les sites les plus [&hellip;]","og_url":"https:\/\/www.ladictee.fr\/BLOG\/a-propos-2\/","og_site_name":"Dict\u00e9es audios fran\u00e7aises - French dictations - FLE","twitter_card":"summary_large_image","schema":{"@context":"https:\/\/schema.org","@graph":[{"@type":"WebPage","@id":"https:\/\/www.ladictee.fr\/BLOG\/a-propos-2\/","url":"https:\/\/www.ladictee.fr\/BLOG\/a-propos-2\/","name":"\u00c0 propos - Dict\u00e9es audios fran\u00e7aises - French dictations - FLE","isPartOf":{"@id":"https:\/\/www.ladictee.fr\/BLOG\/#website"},"datePublished":"2010-12-26T18:34:20+00:00","dateModified":"2010-12-26T18:34:20+00:00","breadcrumb":{"@id":"https:\/\/www.ladictee.fr\/BLOG\/a-propos-2\/#breadcrumb"},"inLanguage":"fr-FR","potentialAction":[{"@type":"ReadAction","target":["https:\/\/www.ladictee.fr\/BLOG\/a-propos-2\/"]}]},{"@type":"BreadcrumbList","@id":"https:\/\/www.ladictee.fr\/BLOG\/a-propos-2\/#breadcrumb","itemListElement":[{"@type":"ListItem","position":1,"name":"Accueil","item":"https:\/\/www.ladictee.fr\/BLOG\/"},{"@type":"ListItem","position":2,"name":"\u00c0 propos"}]},{"@type":"WebSite","@id":"https:\/\/www.ladictee.fr\/BLOG\/#website","url":"https:\/\/www.ladictee.fr\/BLOG\/","name":"Dict\u00e9es audios fran\u00e7aises - French dictations - FLE","description":"La veille \u00e9ducative du e-learning","potentialAction":[{"@type":"SearchAction","target":{"@type":"EntryPoint","urlTemplate":"https:\/\/www.ladictee.fr\/BLOG\/?s={search_term_string}"},"query-input":"required name=search_term_string"}],"inLanguage":"fr-FR"}]}},"_links":{"self":[{"href":"https:\/\/www.ladictee.fr\/BLOG\/wp-json\/wp\/v2\/pages\/84"}],"collection":[{"href":"https:\/\/www.ladictee.fr\/BLOG\/wp-json\/wp\/v2\/pages"}],"about":[{"href":"https:\/\/www.ladictee.fr\/BLOG\/wp-json\/wp\/v2\/types\/page"}],"author":[{"embeddable":true,"href":"https:\/\/www.ladictee.fr\/BLOG\/wp-json\/wp\/v2\/users\/1998"}],"replies":[{"embeddable":true,"href":"https:\/\/www.ladictee.fr\/BLOG\/wp-json\/wp\/v2\/comments?post=84"}],"version-history":[{"count":0,"href":"https:\/\/www.ladictee.fr\/BLOG\/wp-json\/wp\/v2\/pages\/84\/revisions"}],"wp:attachment":[{"href":"https:\/\/www.ladictee.fr\/BLOG\/wp-json\/wp\/v2\/media?parent=84"}],"curies":[{"name":"wp","href":"https:\/\/api.w.org\/{rel}","templated":true}]}}