{"id":17,"date":"2010-12-27T21:20:56","date_gmt":"2010-12-27T21:20:56","guid":{"rendered":"https:\/\/www.ladictee.fr\/BLOG\/?page_id=17"},"modified":"2013-12-14T20:36:25","modified_gmt":"2013-12-14T20:36:25","slug":"devenez-redacteur","status":"publish","type":"page","link":"https:\/\/www.ladictee.fr\/BLOG\/devenez-redacteur\/","title":{"rendered":"Devenez r\u00e9dacteur"},"content":{"rendered":"<p>Vous aimez \u00e9crire, r\u00e9aliser des articles sur votre site, parler d&#8217;autres sites, commenter l&#8217;actualit\u00e9 &#8230;.?<\/p>\n<p>Nous sommes ouverts \u00e0 tous les sujets en rapport \u00e0 l&#8217;\u00e9ducation et l&#8217;apprentissage en g\u00e9n\u00e9ral. Nous vous offrons l&#8217;opportunit\u00e9 de devenir r\u00e9dacteur pour ce blog soit pour faire conna\u00eetre votre site, soit pour devenir r\u00e9dacteur pour ladictee.fr.<\/p>\n<p>Notez que si vous inscrivez un article concernant votre site internet, nous vous demandons en \u00e9change de publier l&#8217;adresse web ce m\u00eame article sur une de pages de votre site internet. (nous n&#8217;acceptons pas les pages &#8220;partenaires&#8221;) &#8211;<\/p>\n<p>Suivez le tutoriel vid\u00e9o ci-dessous&#8230;<\/p>\n<p><iframe loading=\"lazy\" src=\"\/\/www.youtube.com\/embed\/RIalwyBZwak\" height=\"315\" width=\"560\" allowfullscreen=\"\" frameborder=\"0\"><\/iframe><\/p>\n<p>&nbsp;<\/p>\n<blockquote><p>Regardez cette vid\u00e9o en pleine \u00e9cran et en 720p, c&#8217;est plus clair.<\/p><\/blockquote>\n<p>Contactez-nous sur redaction@ladictee.fr en cas de questions&#8230;.<\/p>\n","protected":false},"excerpt":{"rendered":"<p>Vous aimez \u00e9crire, r\u00e9aliser des articles sur votre site, parler d&#8217;autres sites, commenter l&#8217;actualit\u00e9 &#8230;.? Nous sommes ouverts \u00e0 tous les sujets en [&hellip;]<\/p>\n","protected":false},"author":1998,"featured_media":0,"parent":0,"menu_order":0,"comment_status":"open","ping_status":"open","template":"","meta":[],"yoast_head":"<!-- This site is optimized with the Yoast SEO plugin v21.8.1 - https:\/\/yoast.com\/wordpress\/plugins\/seo\/ -->\n<title>Devenez r\u00e9dacteur - Dict\u00e9es audios fran\u00e7aises - French dictations - FLE<\/title>\n<meta name=\"robots\" content=\"index, follow, max-snippet:-1, max-image-preview:large, max-video-preview:-1\" \/>\n<link rel=\"canonical\" href=\"https:\/\/www.ladictee.fr\/BLOG\/devenez-redacteur\/\" \/>\n<meta property=\"og:locale\" content=\"fr_FR\" \/>\n<meta property=\"og:type\" content=\"article\" \/>\n<meta property=\"og:title\" content=\"Devenez r\u00e9dacteur - Dict\u00e9es audios fran\u00e7aises - French dictations - FLE\" \/>\n<meta property=\"og:description\" content=\"Vous aimez \u00e9crire, r\u00e9aliser des articles sur votre site, parler d&#8217;autres sites, commenter l&#8217;actualit\u00e9 &#8230;.? Nous sommes ouverts \u00e0 tous les sujets en [&hellip;]\" \/>\n<meta property=\"og:url\" content=\"https:\/\/www.ladictee.fr\/BLOG\/devenez-redacteur\/\" \/>\n<meta property=\"og:site_name\" content=\"Dict\u00e9es audios fran\u00e7aises - French dictations - FLE\" \/>\n<meta property=\"article:modified_time\" content=\"2013-12-14T20:36:25+00:00\" \/>\n<meta name=\"twitter:card\" content=\"summary_large_image\" \/>\n<meta name=\"twitter:label1\" content=\"Dur\u00e9e de lecture estim\u00e9e\" \/>\n\t<meta name=\"twitter:data1\" content=\"1 minute\" \/>\n<script type=\"application\/ld+json\" class=\"yoast-schema-graph\">{\"@context\":\"https:\/\/schema.org\",\"@graph\":[{\"@type\":\"WebPage\",\"@id\":\"https:\/\/www.ladictee.fr\/BLOG\/devenez-redacteur\/\",\"url\":\"https:\/\/www.ladictee.fr\/BLOG\/devenez-redacteur\/\",\"name\":\"Devenez r\u00e9dacteur - Dict\u00e9es audios fran\u00e7aises - French dictations - FLE\",\"isPartOf\":{\"@id\":\"https:\/\/www.ladictee.fr\/BLOG\/#website\"},\"datePublished\":\"2010-12-27T21:20:56+00:00\",\"dateModified\":\"2013-12-14T20:36:25+00:00\",\"breadcrumb\":{\"@id\":\"https:\/\/www.ladictee.fr\/BLOG\/devenez-redacteur\/#breadcrumb\"},\"inLanguage\":\"fr-FR\",\"potentialAction\":[{\"@type\":\"ReadAction\",\"target\":[\"https:\/\/www.ladictee.fr\/BLOG\/devenez-redacteur\/\"]}]},{\"@type\":\"BreadcrumbList\",\"@id\":\"https:\/\/www.ladictee.fr\/BLOG\/devenez-redacteur\/#breadcrumb\",\"itemListElement\":[{\"@type\":\"ListItem\",\"position\":1,\"name\":\"Accueil\",\"item\":\"https:\/\/www.ladictee.fr\/BLOG\/\"},{\"@type\":\"ListItem\",\"position\":2,\"name\":\"Devenez r\u00e9dacteur\"}]},{\"@type\":\"WebSite\",\"@id\":\"https:\/\/www.ladictee.fr\/BLOG\/#website\",\"url\":\"https:\/\/www.ladictee.fr\/BLOG\/\",\"name\":\"Dict\u00e9es audios fran\u00e7aises - French dictations - FLE\",\"description\":\"La veille \u00e9ducative du e-learning\",\"potentialAction\":[{\"@type\":\"SearchAction\",\"target\":{\"@type\":\"EntryPoint\",\"urlTemplate\":\"https:\/\/www.ladictee.fr\/BLOG\/?s={search_term_string}\"},\"query-input\":\"required name=search_term_string\"}],\"inLanguage\":\"fr-FR\"}]}<\/script>\n<!-- \/ Yoast SEO plugin. -->","yoast_head_json":{"title":"Devenez r\u00e9dacteur - Dict\u00e9es audios fran\u00e7aises - French dictations - FLE","robots":{"index":"index","follow":"follow","max-snippet":"max-snippet:-1","max-image-preview":"max-image-preview:large","max-video-preview":"max-video-preview:-1"},"canonical":"https:\/\/www.ladictee.fr\/BLOG\/devenez-redacteur\/","og_locale":"fr_FR","og_type":"article","og_title":"Devenez r\u00e9dacteur - Dict\u00e9es audios fran\u00e7aises - French dictations - FLE","og_description":"Vous aimez \u00e9crire, r\u00e9aliser des articles sur votre site, parler d&#8217;autres sites, commenter l&#8217;actualit\u00e9 &#8230;.? Nous sommes ouverts \u00e0 tous les sujets en [&hellip;]","og_url":"https:\/\/www.ladictee.fr\/BLOG\/devenez-redacteur\/","og_site_name":"Dict\u00e9es audios fran\u00e7aises - French dictations - FLE","article_modified_time":"2013-12-14T20:36:25+00:00","twitter_card":"summary_large_image","twitter_misc":{"Dur\u00e9e de lecture estim\u00e9e":"1 minute"},"schema":{"@context":"https:\/\/schema.org","@graph":[{"@type":"WebPage","@id":"https:\/\/www.ladictee.fr\/BLOG\/devenez-redacteur\/","url":"https:\/\/www.ladictee.fr\/BLOG\/devenez-redacteur\/","name":"Devenez r\u00e9dacteur - Dict\u00e9es audios fran\u00e7aises - French dictations - FLE","isPartOf":{"@id":"https:\/\/www.ladictee.fr\/BLOG\/#website"},"datePublished":"2010-12-27T21:20:56+00:00","dateModified":"2013-12-14T20:36:25+00:00","breadcrumb":{"@id":"https:\/\/www.ladictee.fr\/BLOG\/devenez-redacteur\/#breadcrumb"},"inLanguage":"fr-FR","potentialAction":[{"@type":"ReadAction","target":["https:\/\/www.ladictee.fr\/BLOG\/devenez-redacteur\/"]}]},{"@type":"BreadcrumbList","@id":"https:\/\/www.ladictee.fr\/BLOG\/devenez-redacteur\/#breadcrumb","itemListElement":[{"@type":"ListItem","position":1,"name":"Accueil","item":"https:\/\/www.ladictee.fr\/BLOG\/"},{"@type":"ListItem","position":2,"name":"Devenez r\u00e9dacteur"}]},{"@type":"WebSite","@id":"https:\/\/www.ladictee.fr\/BLOG\/#website","url":"https:\/\/www.ladictee.fr\/BLOG\/","name":"Dict\u00e9es audios fran\u00e7aises - French dictations - FLE","description":"La veille \u00e9ducative du e-learning","potentialAction":[{"@type":"SearchAction","target":{"@type":"EntryPoint","urlTemplate":"https:\/\/www.ladictee.fr\/BLOG\/?s={search_term_string}"},"query-input":"required name=search_term_string"}],"inLanguage":"fr-FR"}]}},"_links":{"self":[{"href":"https:\/\/www.ladictee.fr\/BLOG\/wp-json\/wp\/v2\/pages\/17"}],"collection":[{"href":"https:\/\/www.ladictee.fr\/BLOG\/wp-json\/wp\/v2\/pages"}],"about":[{"href":"https:\/\/www.ladictee.fr\/BLOG\/wp-json\/wp\/v2\/types\/page"}],"author":[{"embeddable":true,"href":"https:\/\/www.ladictee.fr\/BLOG\/wp-json\/wp\/v2\/users\/1998"}],"replies":[{"embeddable":true,"href":"https:\/\/www.ladictee.fr\/BLOG\/wp-json\/wp\/v2\/comments?post=17"}],"version-history":[{"count":5,"href":"https:\/\/www.ladictee.fr\/BLOG\/wp-json\/wp\/v2\/pages\/17\/revisions"}],"predecessor-version":[{"id":967,"href":"https:\/\/www.ladictee.fr\/BLOG\/wp-json\/wp\/v2\/pages\/17\/revisions\/967"}],"wp:attachment":[{"href":"https:\/\/www.ladictee.fr\/BLOG\/wp-json\/wp\/v2\/media?parent=17"}],"curies":[{"name":"wp","href":"https:\/\/api.w.org\/{rel}","templated":true}]}}